    {"id":93,"date":"2025-06-29T18:48:58","date_gmt":"2025-06-29T18:48:58","guid":{"rendered":"https:\/\/nimorfros.com\/?page_id=93"},"modified":"2025-06-29T18:48:58","modified_gmt":"2025-06-29T18:48:58","slug":"about-us","status":"publish","type":"page","link":"https:\/\/nimorfros.com\/de\/about-us\/","title":{"rendered":"\u00dcber uns"},"content":{"rendered":"<p>Willkommen bei <strong>Nimorfros<\/strong> \u2013 Ihre vertrauensw\u00fcrdige Quelle f\u00fcr Innovationen im Gesundheitswesen, digitales Wohlbefinden und gemeinschaftsorientierte Gesundheitsl\u00f6sungen. Ob Sie ein Experte auf diesem Gebiet sind, sich f\u00fcr Gesundheit engagieren oder einfach nur eine Leidenschaft f\u00fcr die Zukunft des Wohlbefindens haben, <strong>Nimorfros<\/strong> ist hier, um Sie auf Ihrem Weg mit Klarheit und Einsicht zu unterst\u00fctzen.<\/p>\n\n\n\n<h3 class=\"wp-block-heading\"><strong>Was uns antreibt<\/strong><\/h3>\n\n\n\n<p>Bei <strong>Nimorfros<\/strong>Wir sind \u00fcberzeugt, dass Gesundheitsinformationen zug\u00e4nglich, praxisorientiert und sowohl technologisch als auch menschlich fundiert sein sollten. Unsere Mission ist einfach: Wir liefern hochwertige, leicht verst\u00e4ndliche Inhalte, die Einzelpersonen, Fachkr\u00e4fte und Gemeinschaften bef\u00e4higen, intelligentere Gesundheitsl\u00f6sungen anzuwenden. Innovation bedeutet nicht nur Werkzeuge \u2013 sie bedeutet Wirkung.<\/p>\n\n\n\n<h3 class=\"wp-block-heading\"><strong>Wer wir sind<\/strong><\/h3>\n\n\n\n<p>Wir sind ein Team aus Autoren, Gesundheitsexperten und digitalen Denkern, die sich der Erforschung der Schnittstelle zwischen Gesundheitswesen und Technologie widmen. <strong>Nimorfros<\/strong> Entstanden ist aus der Idee, dass Wissensaustausch Wandel ansto\u00dfen kann \u2013 von klinischen Innovationen bis hin zu Basisbewegungen. Deshalb konzentrieren wir uns auf Inhalte, die sowohl zum Nachdenken anregen als auch praxisnah sind \u2013 sei es Telemedizin, KI in der Diagnostik, Gesundheitssysteme oder Modelle der gemeindenahen Versorgung.<\/p>\n\n\n\n<p>Hier sind Sie nicht nur ein Leser. Sie sind Teil eines zukunftsorientierten Netzwerks, das Wert auf Fakten, Inklusivit\u00e4t und sinnvollen Wandel legt.<\/p>\n\n\n\n<h3 class=\"wp-block-heading\"><strong>Mach mit!<\/strong><\/h3>\n\n\n\n<p>Haben Sie eine Themenidee? M\u00f6chten Sie eine Geschichte teilen, eine Ressource vorschlagen oder einen Artikel beisteuern? Wir freuen uns, von Ihnen zu h\u00f6ren. <strong>Nimorfros<\/strong>Ihre Erkenntnisse lenken unsere zuk\u00fcnftigen Forschungen \u2013 und Ihre Stimme tr\u00e4gt dazu bei, die Diskussion \u00fcber die Zukunft des Gesundheitswesens zu gestalten.<\/p>\n\n\n\n<p>Lasst uns gemeinsam voranschreiten \u2013 ein Durchbruch, eine Gemeinschaftsinitiative, eine gut durchdachte Entscheidung nach der anderen.<\/p>","protected":false},"excerpt":{"rendered":"<p>Willkommen bei Nimorfros \u2013 Ihrer vertrauensw\u00fcrdigen Quelle f\u00fcr Innovationen im Gesundheitswesen, digitale Wellness und gemeinschaftsorientierte Gesundheitsl\u00f6sungen. Ob Sie im Gesundheitswesen t\u00e4tig sind, sich f\u00fcr Gesundheit engagieren oder einfach nur die Zukunft des Wohlbefindens mitgestalten m\u00f6chten: Nimorfros unterst\u00fctzt Sie mit Klarheit und fundierten Erkenntnissen. Was uns antreibt: Wir bei Nimorfros glauben, dass Gesundheitsinformationen [\u2026]<\/p>","protected":false},"author":198,"featured_media":0,"parent":0,"menu_order":0,"comment_status":"closed","ping_status":"closed","template":"","meta":{"footnotes":""},"_links":{"self":[{"href":"https:\/\/nimorfros.com\/de\/wp-json\/wp\/v2\/pages\/93"}],"collection":[{"href":"https:\/\/nimorfros.com\/de\/wp-json\/wp\/v2\/pages"}],"about":[{"href":"https:\/\/nimorfros.com\/de\/wp-json\/wp\/v2\/types\/page"}],"author":[{"embeddable":true,"href":"https:\/\/nimorfros.com\/de\/wp-json\/wp\/v2\/users\/198"}],"replies":[{"embeddable":true,"href":"https:\/\/nimorfros.com\/de\/wp-json\/wp\/v2\/comments?post=93"}],"version-history":[{"count":1,"href":"https:\/\/nimorfros.com\/de\/wp-json\/wp\/v2\/pages\/93\/revisions"}],"predecessor-version":[{"id":94,"href":"https:\/\/nimorfros.com\/de\/wp-json\/wp\/v2\/pages\/93\/revisions\/94"}],"wp:attachment":[{"href":"https:\/\/nimorfros.com\/de\/wp-json\/wp\/v2\/media?parent=93"}],"curies":[{"name":"wp","href":"https:\/\/api.w.org\/{rel}","templated":true}]}}