    {"id":95,"date":"2025-06-29T18:49:39","date_gmt":"2025-06-29T18:49:39","guid":{"rendered":"https:\/\/nimorfros.com\/?page_id=95"},"modified":"2025-06-29T18:49:39","modified_gmt":"2025-06-29T18:49:39","slug":"contact","status":"publish","type":"page","link":"https:\/\/nimorfros.com\/de\/contact\/","title":{"rendered":"Kontakt"},"content":{"rendered":"<p>Vielen Dank f\u00fcr Ihren Besuch <strong>Nimorfros<\/strong>Wir sind Ihre vertrauensw\u00fcrdige Plattform f\u00fcr Gesundheitsinnovationen, Medizintechnik und gemeinschaftsorientiertes Wohlbefinden. Ihre Beitr\u00e4ge sind uns wichtig, und wir unterst\u00fctzen, vernetzen uns und arbeiten gerne mit Ihnen zusammen.<\/p>\n\n\n\n<h3 class=\"wp-block-heading\"><strong>Allgemeine Anfragen<\/strong><\/h3>\n\n\n\n<p>Haben Sie eine Frage zu <strong>Nimorfros<\/strong> Oder m\u00f6chten Sie einfach nur Kontakt aufnehmen? Schreiben Sie uns eine E-Mail an <strong><a>contact@nimorfros.com<\/a><\/strong><br>Wir freuen uns \u00fcber R\u00fcckmeldungen aus unserer Community und melden uns so schnell wie m\u00f6glich bei Ihnen zur\u00fcck.<\/p>\n\n\n\n<h3 class=\"wp-block-heading\"><strong>Inhaltsvorschl\u00e4ge &amp; Beitr\u00e4ge<\/strong><\/h3>\n\n\n\n<p>Haben Sie eine Idee f\u00fcr einen neuen Artikel? M\u00f6chten Sie Ihr Fachwissen teilen oder ein Gesundheitsthema vorschlagen, das wir behandeln sollten? Kontaktieren Sie uns! <strong><a>editor@nimorfros.com<\/a><\/strong><br>Wir sind stets auf der Suche nach unterschiedlichen Perspektiven und wertvollen Stimmen in den Bereichen Gesundheitswesen, digitales Wohlbefinden und gesellschaftliches Engagement.<\/p>\n\n\n\n<h3 class=\"wp-block-heading\"><strong>Technische Unterst\u00fctzung<\/strong><\/h3>\n\n\n\n<p>Sollten Sie Probleme mit unserer Plattform haben oder Hilfe beim Zugriff auf unsere Inhalte ben\u00f6tigen, z\u00f6gern Sie nicht, uns zu kontaktieren unter <strong><a>support@nimorfros.com<\/a><\/strong><br>Wir sind hier, um Ihr Erlebnis mit <strong>Nimorfros<\/strong> ist so reibungslos und informativ wie m\u00f6glich.<\/p>\n\n\n\n<h3 class=\"wp-block-heading\"><strong>Bleiben Sie in Verbindung<\/strong><\/h3>\n\n\n\n<p><strong>Nimorfros<\/strong> ist eine digitale Plattform f\u00fcr Gesundheitsexperten, Innovatoren und interessierte Leser weltweit. Wir arbeiten zwar nicht mit einem physischen B\u00fcro, sind aber immer online \u2013 bereit, Ihnen zuzuh\u00f6ren, Sie zu unterst\u00fctzen und gemeinsam mit Ihnen zu wachsen.<\/p>\n\n\n\n<p>Vielen Dank noch einmal, dass Sie Teil davon waren <strong>Nimorfros<\/strong> Wir freuen uns darauf, von Ihnen zu h\u00f6ren!<\/p>\n\n\n\n<p><strong>Herzliche Gr\u00fc\u00dfe,<\/strong><br><strong>Das Nimorfros-Team<\/strong><\/p>","protected":false},"excerpt":{"rendered":"<p>Thank you for visiting Nimorfros, your trusted platform for health innovation, medical technology, and community-driven wellness. We truly value your messages and are here to support, connect, and collaborate with you. General Inquiries Have a question about Nimorfros or just want to reach out? Email us at contact@nimorfros.comWe love hearing from our community and will [&hellip;]<\/p>","protected":false},"author":198,"featured_media":0,"parent":0,"menu_order":0,"comment_status":"closed","ping_status":"closed","template":"","meta":{"footnotes":""},"_links":{"self":[{"href":"https:\/\/nimorfros.com\/de\/wp-json\/wp\/v2\/pages\/95"}],"collection":[{"href":"https:\/\/nimorfros.com\/de\/wp-json\/wp\/v2\/pages"}],"about":[{"href":"https:\/\/nimorfros.com\/de\/wp-json\/wp\/v2\/types\/page"}],"author":[{"embeddable":true,"href":"https:\/\/nimorfros.com\/de\/wp-json\/wp\/v2\/users\/198"}],"replies":[{"embeddable":true,"href":"https:\/\/nimorfros.com\/de\/wp-json\/wp\/v2\/comments?post=95"}],"version-history":[{"count":1,"href":"https:\/\/nimorfros.com\/de\/wp-json\/wp\/v2\/pages\/95\/revisions"}],"predecessor-version":[{"id":96,"href":"https:\/\/nimorfros.com\/de\/wp-json\/wp\/v2\/pages\/95\/revisions\/96"}],"wp:attachment":[{"href":"https:\/\/nimorfros.com\/de\/wp-json\/wp\/v2\/media?parent=95"}],"curies":[{"name":"wp","href":"https:\/\/api.w.org\/{rel}","templated":true}]}}