    {"id":93,"date":"2025-06-29T18:48:58","date_gmt":"2025-06-29T18:48:58","guid":{"rendered":"https:\/\/nimorfros.com\/?page_id=93"},"modified":"2025-06-29T18:48:58","modified_gmt":"2025-06-29T18:48:58","slug":"about-us","status":"publish","type":"page","link":"https:\/\/nimorfros.com\/es\/about-us\/","title":{"rendered":"Sobre nosotros"},"content":{"rendered":"<p>Bienvenido a <strong>Nimorfros<\/strong> Su fuente confiable de innovaci\u00f3n en atenci\u00f3n m\u00e9dica, bienestar digital y soluciones de salud comunitarias. Ya sea un profesional, un defensor de la salud o simplemente un apasionado del futuro del bienestar, <strong>Nimorfros<\/strong> Est\u00e1 aqu\u00ed para apoyar su viaje con claridad y conocimiento.<\/p>\n\n\n\n<h3 class=\"wp-block-heading\"><strong>\u00bfQu\u00e9 nos motiva?<\/strong><\/h3>\n\n\n\n<p>En <strong>Nimorfros<\/strong>Creemos que la informaci\u00f3n sanitaria debe ser accesible, pr\u00e1ctica y estar basada tanto en la tecnolog\u00eda como en la atenci\u00f3n humana. Nuestra misi\u00f3n es simple: ofrecer contenido de alta calidad y f\u00e1cil de entender que empodere a personas, profesionales y comunidades para adoptar soluciones de salud m\u00e1s inteligentes. La innovaci\u00f3n no se trata solo de herramientas, sino de impacto.<\/p>\n\n\n\n<h3 class=\"wp-block-heading\"><strong>Quienes somos<\/strong><\/h3>\n\n\n\n<p>Somos un equipo de escritores, profesionales de la salud y pensadores digitales dedicados a explorar la intersecci\u00f3n entre la atenci\u00f3n m\u00e9dica y la tecnolog\u00eda. <strong>Nimorfros<\/strong> Naci\u00f3 de la idea de que compartir conocimiento puede impulsar la transformaci\u00f3n, desde la innovaci\u00f3n cl\u00ednica hasta el cambio de base. Esto significa que nos centramos en contenido que invita a la reflexi\u00f3n y es pr\u00e1ctico, ya sea sobre telemedicina, IA en el diagn\u00f3stico, sistemas de salud o modelos de atenci\u00f3n comunitaria.<\/p>\n\n\n\n<p>Aqu\u00ed, no eres solo un lector. Formas parte de una red vanguardista que valora la evidencia, la inclusi\u00f3n y el cambio significativo.<\/p>\n\n\n\n<h3 class=\"wp-block-heading\"><strong>Complicarse<\/strong><\/h3>\n\n\n\n<p>\u00bfTienes una idea para un tema? \u00bfQuieres compartir una historia, proponer un recurso o contribuir con un art\u00edculo? Nos encantar\u00eda saber de ti. En <strong>Nimorfros<\/strong>Sus ideas gu\u00edan nuestras pr\u00f3ximas investigaciones y su voz ayuda a dar forma a la conversaci\u00f3n sobre el futuro de la atenci\u00f3n m\u00e9dica.<\/p>\n\n\n\n<p>Avancemos juntos: un avance, una iniciativa comunitaria, una decisi\u00f3n bien informada a la vez.<\/p>","protected":false},"excerpt":{"rendered":"<p>Bienvenido a Nimorfros, su fuente confiable de innovaci\u00f3n en atenci\u00f3n m\u00e9dica, bienestar digital y soluciones de salud comunitarias. Ya sea un profesional, un defensor de la salud o simplemente un apasionado del futuro del bienestar, Nimorfros est\u00e1 aqu\u00ed para acompa\u00f1arlo en su camino con claridad y perspectiva. Nuestra motivaci\u00f3n: En Nimorfros, creemos que la informaci\u00f3n de salud [\u2026]<\/p>","protected":false},"author":198,"featured_media":0,"parent":0,"menu_order":0,"comment_status":"closed","ping_status":"closed","template":"","meta":{"footnotes":""},"_links":{"self":[{"href":"https:\/\/nimorfros.com\/es\/wp-json\/wp\/v2\/pages\/93"}],"collection":[{"href":"https:\/\/nimorfros.com\/es\/wp-json\/wp\/v2\/pages"}],"about":[{"href":"https:\/\/nimorfros.com\/es\/wp-json\/wp\/v2\/types\/page"}],"author":[{"embeddable":true,"href":"https:\/\/nimorfros.com\/es\/wp-json\/wp\/v2\/users\/198"}],"replies":[{"embeddable":true,"href":"https:\/\/nimorfros.com\/es\/wp-json\/wp\/v2\/comments?post=93"}],"version-history":[{"count":1,"href":"https:\/\/nimorfros.com\/es\/wp-json\/wp\/v2\/pages\/93\/revisions"}],"predecessor-version":[{"id":94,"href":"https:\/\/nimorfros.com\/es\/wp-json\/wp\/v2\/pages\/93\/revisions\/94"}],"wp:attachment":[{"href":"https:\/\/nimorfros.com\/es\/wp-json\/wp\/v2\/media?parent=93"}],"curies":[{"name":"wp","href":"https:\/\/api.w.org\/{rel}","templated":true}]}}