    {"id":95,"date":"2025-06-29T18:49:39","date_gmt":"2025-06-29T18:49:39","guid":{"rendered":"https:\/\/nimorfros.com\/?page_id=95"},"modified":"2025-06-29T18:49:39","modified_gmt":"2025-06-29T18:49:39","slug":"contact","status":"publish","type":"page","link":"https:\/\/nimorfros.com\/es\/contact\/","title":{"rendered":"Contacto"},"content":{"rendered":"<p>Gracias por visitarnos <strong>Nimorfros<\/strong>, su plataforma de confianza para la innovaci\u00f3n en salud, la tecnolog\u00eda m\u00e9dica y el bienestar comunitario. Valoramos mucho sus mensajes y estamos aqu\u00ed para apoyarlos, conectar con ustedes y colaborar con ustedes.<\/p>\n\n\n\n<h3 class=\"wp-block-heading\"><strong>Consultas generales<\/strong><\/h3>\n\n\n\n<p>\u00bfTienes alguna pregunta sobre? <strong>Nimorfros<\/strong> \u00bfO simplemente quieres contactarnos? Env\u00edanos un correo electr\u00f3nico a <strong><a>contacto@nimorfros.com<\/a><\/strong><br>Nos encanta escuchar de nuestra comunidad y nos comunicaremos con usted lo antes posible.<\/p>\n\n\n\n<h3 class=\"wp-block-heading\"><strong>Sugerencias y contribuciones de contenido<\/strong><\/h3>\n\n\n\n<p>\u00bfTienes una idea para un nuevo art\u00edculo? \u00bfQuieres compartir tu experiencia o sugerir un tema de salud que deber\u00edamos explorar? Cont\u00e1ctanos. <strong><a>editor@nimorfros.com<\/a><\/strong><br>Siempre estamos buscando perspectivas diversas y voces valiosas en materia de atenci\u00f3n m\u00e9dica, bienestar digital y participaci\u00f3n comunitaria.<\/p>\n\n\n\n<h3 class=\"wp-block-heading\"><strong>Apoyo t\u00e9cnico<\/strong><\/h3>\n\n\n\n<p>Si tiene alg\u00fan problema con nuestra plataforma o necesita ayuda para acceder a nuestro contenido, no dude en contactarnos en <strong><a>soporte@nimorfros.com<\/a><\/strong><br>Estamos aqu\u00ed para garantizar su experiencia con <strong>Nimorfros<\/strong> Es lo m\u00e1s fluido e informativo posible.<\/p>\n\n\n\n<h3 class=\"wp-block-heading\"><strong>Mantente conectado<\/strong><\/h3>\n\n\n\n<p><strong>Nimorfros<\/strong> Es una plataforma digital dise\u00f1ada para profesionales de la salud, innovadores y lectores informados de todo el mundo. Si bien no operamos desde una oficina f\u00edsica, siempre estamos en l\u00ednea, listos para escucharte, apoyarte y crecer contigo.<\/p>\n\n\n\n<p>Gracias nuevamente por ser parte de la <strong>Nimorfros<\/strong> Comunidad. \u00a1Esperamos saber de usted!<\/p>\n\n\n\n<p><strong>Un cordial saludo,<\/strong><br><strong>El equipo de Nimorfros<\/strong><\/p>","protected":false},"excerpt":{"rendered":"<p>Thank you for visiting Nimorfros, your trusted platform for health innovation, medical technology, and community-driven wellness. We truly value your messages and are here to support, connect, and collaborate with you. General Inquiries Have a question about Nimorfros or just want to reach out? Email us at contact@nimorfros.comWe love hearing from our community and will [&hellip;]<\/p>","protected":false},"author":198,"featured_media":0,"parent":0,"menu_order":0,"comment_status":"closed","ping_status":"closed","template":"","meta":{"footnotes":""},"_links":{"self":[{"href":"https:\/\/nimorfros.com\/es\/wp-json\/wp\/v2\/pages\/95"}],"collection":[{"href":"https:\/\/nimorfros.com\/es\/wp-json\/wp\/v2\/pages"}],"about":[{"href":"https:\/\/nimorfros.com\/es\/wp-json\/wp\/v2\/types\/page"}],"author":[{"embeddable":true,"href":"https:\/\/nimorfros.com\/es\/wp-json\/wp\/v2\/users\/198"}],"replies":[{"embeddable":true,"href":"https:\/\/nimorfros.com\/es\/wp-json\/wp\/v2\/comments?post=95"}],"version-history":[{"count":1,"href":"https:\/\/nimorfros.com\/es\/wp-json\/wp\/v2\/pages\/95\/revisions"}],"predecessor-version":[{"id":96,"href":"https:\/\/nimorfros.com\/es\/wp-json\/wp\/v2\/pages\/95\/revisions\/96"}],"wp:attachment":[{"href":"https:\/\/nimorfros.com\/es\/wp-json\/wp\/v2\/media?parent=95"}],"curies":[{"name":"wp","href":"https:\/\/api.w.org\/{rel}","templated":true}]}}