    {"id":93,"date":"2025-06-29T18:48:58","date_gmt":"2025-06-29T18:48:58","guid":{"rendered":"https:\/\/nimorfros.com\/?page_id=93"},"modified":"2025-06-29T18:48:58","modified_gmt":"2025-06-29T18:48:58","slug":"about-us","status":"publish","type":"page","link":"https:\/\/nimorfros.com\/fr\/about-us\/","title":{"rendered":"\u00c0 propos de nous"},"content":{"rendered":"<p>Bienvenue \u00e0 <strong>Nimorfros<\/strong> \u2013 votre source de confiance pour l&#039;innovation en mati\u00e8re de sant\u00e9, de bien-\u00eatre num\u00e9rique et de solutions de sant\u00e9 ax\u00e9es sur la communaut\u00e9. Que vous soyez un professionnel du secteur, un d\u00e9fenseur de la sant\u00e9 ou simplement passionn\u00e9 par l&#039;avenir du bien-\u00eatre, <strong>Nimorfros<\/strong> est l\u00e0 pour vous accompagner dans votre parcours avec clart\u00e9 et perspicacit\u00e9.<\/p>\n\n\n\n<h3 class=\"wp-block-heading\"><strong>Ce qui nous motive<\/strong><\/h3>\n\n\n\n<p>\u00c0 <strong>Nimorfros<\/strong>Nous pensons que l&#039;information sur la sant\u00e9 doit \u00eatre accessible, exploitable et ancr\u00e9e \u00e0 la fois dans la technologie et les soins. Notre mission est simple\u00a0: fournir un contenu de qualit\u00e9 et facile \u00e0 comprendre qui permette aux individus, aux professionnels et aux communaut\u00e9s d&#039;adopter des solutions de sant\u00e9 plus intelligentes. L&#039;innovation ne se r\u00e9sume pas \u00e0 des outils, elle est aussi une question d&#039;impact.<\/p>\n\n\n\n<h3 class=\"wp-block-heading\"><strong>Qui sommes-nous<\/strong><\/h3>\n\n\n\n<p>Nous sommes une \u00e9quipe de r\u00e9dacteurs, de professionnels de la sant\u00e9 et de penseurs num\u00e9riques d\u00e9di\u00e9s \u00e0 l&#039;exploration de l&#039;intersection entre les soins de sant\u00e9 et la technologie. <strong>Nimorfros<\/strong> est n\u00e9 de l&#039;id\u00e9e que le partage des connaissances peut \u00eatre un moteur de transformation, de l&#039;innovation clinique au changement local. C&#039;est pourquoi nous nous concentrons sur des contenus \u00e0 la fois stimulants et pratiques, qu&#039;il s&#039;agisse de t\u00e9l\u00e9m\u00e9decine, d&#039;IA dans le diagnostic, de syst\u00e8mes de sant\u00e9 ou de mod\u00e8les de soins communautaires.<\/p>\n\n\n\n<p>Ici, vous n&#039;\u00eates pas seulement un lecteur. Vous faites partie d&#039;un r\u00e9seau avant-gardiste qui valorise les donn\u00e9es probantes, l&#039;inclusion et le changement significatif.<\/p>\n\n\n\n<h3 class=\"wp-block-heading\"><strong>Impliquez-vous<\/strong><\/h3>\n\n\n\n<p>Vous avez une id\u00e9e de sujet\u00a0? Vous souhaitez partager une histoire, proposer une ressource ou r\u00e9diger un article\u00a0? N&#039;h\u00e9sitez pas \u00e0 nous contacter. <strong>Nimorfros<\/strong>, vos id\u00e9es guident nos recherches futures \u2014 et votre voix contribue \u00e0 fa\u00e7onner la conversation sur l\u2019avenir des soins de sant\u00e9.<\/p>\n\n\n\n<p>Avan\u00e7ons ensemble \u2014 une avanc\u00e9e, une initiative communautaire, une d\u00e9cision \u00e9clair\u00e9e \u00e0 la fois.<\/p>","protected":false},"excerpt":{"rendered":"<p>Welcome to Nimorfros \u2013 your trusted source for innovation in healthcare, digital wellness, and community-centered health solutions. Whether you&#8217;re a professional in the field, a health advocate, or simply passionate about the future of well-being, Nimorfros is here to support your journey with clarity and insight. What drives us At Nimorfros, we believe health information [&hellip;]<\/p>","protected":false},"author":198,"featured_media":0,"parent":0,"menu_order":0,"comment_status":"closed","ping_status":"closed","template":"","meta":{"footnotes":""},"_links":{"self":[{"href":"https:\/\/nimorfros.com\/fr\/wp-json\/wp\/v2\/pages\/93"}],"collection":[{"href":"https:\/\/nimorfros.com\/fr\/wp-json\/wp\/v2\/pages"}],"about":[{"href":"https:\/\/nimorfros.com\/fr\/wp-json\/wp\/v2\/types\/page"}],"author":[{"embeddable":true,"href":"https:\/\/nimorfros.com\/fr\/wp-json\/wp\/v2\/users\/198"}],"replies":[{"embeddable":true,"href":"https:\/\/nimorfros.com\/fr\/wp-json\/wp\/v2\/comments?post=93"}],"version-history":[{"count":1,"href":"https:\/\/nimorfros.com\/fr\/wp-json\/wp\/v2\/pages\/93\/revisions"}],"predecessor-version":[{"id":94,"href":"https:\/\/nimorfros.com\/fr\/wp-json\/wp\/v2\/pages\/93\/revisions\/94"}],"wp:attachment":[{"href":"https:\/\/nimorfros.com\/fr\/wp-json\/wp\/v2\/media?parent=93"}],"curies":[{"name":"wp","href":"https:\/\/api.w.org\/{rel}","templated":true}]}}