    {"id":95,"date":"2025-06-29T18:49:39","date_gmt":"2025-06-29T18:49:39","guid":{"rendered":"https:\/\/nimorfros.com\/?page_id=95"},"modified":"2025-06-29T18:49:39","modified_gmt":"2025-06-29T18:49:39","slug":"contact","status":"publish","type":"page","link":"https:\/\/nimorfros.com\/fr\/contact\/","title":{"rendered":"Contact"},"content":{"rendered":"<p>Merci de votre visite <strong>Nimorfros<\/strong>, votre plateforme de confiance pour l&#039;innovation en sant\u00e9, les technologies m\u00e9dicales et le bien-\u00eatre communautaire. Nous accordons une grande importance \u00e0 vos messages et sommes l\u00e0 pour vous soutenir, communiquer et collaborer avec vous.<\/p>\n\n\n\n<h3 class=\"wp-block-heading\"><strong>Demandes g\u00e9n\u00e9rales<\/strong><\/h3>\n\n\n\n<p>Vous avez une question sur <strong>Nimorfros<\/strong> ou souhaitez simplement nous contacter\u00a0? Envoyez-nous un e-mail \u00e0 <strong><a>contact@nimorfros.com<\/a><\/strong><br>Nous aimons avoir des nouvelles de notre communaut\u00e9 et nous vous r\u00e9pondrons d\u00e8s que possible.<\/p>\n\n\n\n<h3 class=\"wp-block-heading\"><strong>Suggestions de contenu et contributions<\/strong><\/h3>\n\n\n\n<p>Vous avez une id\u00e9e d&#039;article\u00a0? Vous souhaitez partager votre expertise ou sugg\u00e9rer un sujet de sant\u00e9 \u00e0 explorer\u00a0? Contactez-nous. <strong><a>editor@nimorfros.com<\/a><\/strong><br>Nous sommes toujours \u00e0 la recherche de perspectives diverses et de voix pr\u00e9cieuses dans les domaines de la sant\u00e9, du bien-\u00eatre num\u00e9rique et de l\u2019engagement communautaire.<\/p>\n\n\n\n<h3 class=\"wp-block-heading\"><strong>Support technique<\/strong><\/h3>\n\n\n\n<p>Si vous rencontrez des probl\u00e8mes avec notre plateforme ou avez besoin d&#039;aide pour acc\u00e9der \u00e0 notre contenu, n&#039;h\u00e9sitez pas \u00e0 nous contacter \u00e0 <strong><a>support@nimorfros.com<\/a><\/strong><br>Nous sommes l\u00e0 pour garantir votre exp\u00e9rience avec <strong>Nimorfros<\/strong> est aussi fluide et informatif que possible.<\/p>\n\n\n\n<h3 class=\"wp-block-heading\"><strong>Restez connect\u00e9<\/strong><\/h3>\n\n\n\n<p><strong>Nimorfros<\/strong> est une plateforme num\u00e9rique con\u00e7ue pour les professionnels de sant\u00e9, les innovateurs et les lecteurs avertis du monde entier. Bien que nous ne soyons pas pr\u00e9sents dans nos bureaux, nous sommes toujours en ligne, pr\u00eats \u00e0 vous \u00e9couter, \u00e0 vous soutenir et \u00e0 \u00e9voluer avec vous.<\/p>\n\n\n\n<p>Merci encore de faire partie de la <strong>Nimorfros<\/strong> communaut\u00e9. Au plaisir de vous lire\u00a0!<\/p>\n\n\n\n<p><strong>Cordialement,<\/strong><br><strong>L&#039;\u00e9quipe Nimorfros<\/strong><\/p>","protected":false},"excerpt":{"rendered":"<p>Thank you for visiting Nimorfros, your trusted platform for health innovation, medical technology, and community-driven wellness. We truly value your messages and are here to support, connect, and collaborate with you. General Inquiries Have a question about Nimorfros or just want to reach out? Email us at contact@nimorfros.comWe love hearing from our community and will [&hellip;]<\/p>","protected":false},"author":198,"featured_media":0,"parent":0,"menu_order":0,"comment_status":"closed","ping_status":"closed","template":"","meta":{"footnotes":""},"_links":{"self":[{"href":"https:\/\/nimorfros.com\/fr\/wp-json\/wp\/v2\/pages\/95"}],"collection":[{"href":"https:\/\/nimorfros.com\/fr\/wp-json\/wp\/v2\/pages"}],"about":[{"href":"https:\/\/nimorfros.com\/fr\/wp-json\/wp\/v2\/types\/page"}],"author":[{"embeddable":true,"href":"https:\/\/nimorfros.com\/fr\/wp-json\/wp\/v2\/users\/198"}],"replies":[{"embeddable":true,"href":"https:\/\/nimorfros.com\/fr\/wp-json\/wp\/v2\/comments?post=95"}],"version-history":[{"count":1,"href":"https:\/\/nimorfros.com\/fr\/wp-json\/wp\/v2\/pages\/95\/revisions"}],"predecessor-version":[{"id":96,"href":"https:\/\/nimorfros.com\/fr\/wp-json\/wp\/v2\/pages\/95\/revisions\/96"}],"wp:attachment":[{"href":"https:\/\/nimorfros.com\/fr\/wp-json\/wp\/v2\/media?parent=95"}],"curies":[{"name":"wp","href":"https:\/\/api.w.org\/{rel}","templated":true}]}}