    {"id":93,"date":"2025-06-29T18:48:58","date_gmt":"2025-06-29T18:48:58","guid":{"rendered":"https:\/\/nimorfros.com\/?page_id=93"},"modified":"2025-06-29T18:48:58","modified_gmt":"2025-06-29T18:48:58","slug":"about-us","status":"publish","type":"page","link":"https:\/\/nimorfros.com\/it\/about-us\/","title":{"rendered":"Chi siamo"},"content":{"rendered":"<p>Benvenuti a <strong>Nimorfros<\/strong> \u2013 la tua fonte di fiducia per l&#039;innovazione in ambito sanitario, benessere digitale e soluzioni sanitarie incentrate sulla comunit\u00e0. Che tu sia un professionista del settore, un sostenitore della salute o semplicemente un appassionato del futuro del benessere, <strong>Nimorfros<\/strong> \u00e8 qui per supportarti nel tuo percorso con chiarezza e intuizione.<\/p>\n\n\n\n<h3 class=\"wp-block-heading\"><strong>Ci\u00f2 che ci spinge<\/strong><\/h3>\n\n\n\n<p>A <strong>Nimorfros<\/strong>Crediamo che le informazioni sanitarie debbano essere accessibili, fruibili e basate sia sulla tecnologia che sull&#039;assistenza sanitaria. La nostra missione \u00e8 semplice: fornire contenuti di alta qualit\u00e0 e di facile comprensione che consentano a individui, professionisti e comunit\u00e0 di adottare soluzioni sanitarie pi\u00f9 intelligenti. L&#039;innovazione non riguarda solo gli strumenti, ma anche l&#039;impatto.<\/p>\n\n\n\n<h3 class=\"wp-block-heading\"><strong>Chi siamo<\/strong><\/h3>\n\n\n\n<p>Siamo un team di scrittori, professionisti della salute e pensatori digitali impegnati ad esplorare l&#039;intersezione tra assistenza sanitaria e tecnologia. <strong>Nimorfros<\/strong> nasce dall&#039;idea che la condivisione della conoscenza possa innescare la trasformazione, dall&#039;innovazione clinica al cambiamento dal basso. Ci\u00f2 significa che ci concentriamo su contenuti che siano allo stesso tempo stimolanti e pratici, che si tratti di telemedicina, intelligenza artificiale nella diagnostica, sistemi sanitari o modelli di assistenza alla comunit\u00e0.<\/p>\n\n\n\n<p>Qui non sei solo un lettore. Fai parte di una rete lungimirante che valorizza le prove, l&#039;inclusivit\u00e0 e il cambiamento significativo.<\/p>\n\n\n\n<h3 class=\"wp-block-heading\"><strong>Partecipa<\/strong><\/h3>\n\n\n\n<p>Hai un&#039;idea per un argomento? Vuoi condividere una storia, proporre una risorsa o contribuire con un articolo? Ci piacerebbe sentire la tua opinione. A <strong>Nimorfros<\/strong>, le tue intuizioni guidano le nostre ricerche future e la tua voce contribuisce a dare forma al dibattito sul futuro dell&#039;assistenza sanitaria.<\/p>\n\n\n\n<p>Andiamo avanti insieme: una svolta, un&#039;iniziativa comunitaria, una decisione consapevole alla volta.<\/p>","protected":false},"excerpt":{"rendered":"<p>Welcome to Nimorfros \u2013 your trusted source for innovation in healthcare, digital wellness, and community-centered health solutions. Whether you&#8217;re a professional in the field, a health advocate, or simply passionate about the future of well-being, Nimorfros is here to support your journey with clarity and insight. What drives us At Nimorfros, we believe health information [&hellip;]<\/p>","protected":false},"author":198,"featured_media":0,"parent":0,"menu_order":0,"comment_status":"closed","ping_status":"closed","template":"","meta":{"footnotes":""},"_links":{"self":[{"href":"https:\/\/nimorfros.com\/it\/wp-json\/wp\/v2\/pages\/93"}],"collection":[{"href":"https:\/\/nimorfros.com\/it\/wp-json\/wp\/v2\/pages"}],"about":[{"href":"https:\/\/nimorfros.com\/it\/wp-json\/wp\/v2\/types\/page"}],"author":[{"embeddable":true,"href":"https:\/\/nimorfros.com\/it\/wp-json\/wp\/v2\/users\/198"}],"replies":[{"embeddable":true,"href":"https:\/\/nimorfros.com\/it\/wp-json\/wp\/v2\/comments?post=93"}],"version-history":[{"count":1,"href":"https:\/\/nimorfros.com\/it\/wp-json\/wp\/v2\/pages\/93\/revisions"}],"predecessor-version":[{"id":94,"href":"https:\/\/nimorfros.com\/it\/wp-json\/wp\/v2\/pages\/93\/revisions\/94"}],"wp:attachment":[{"href":"https:\/\/nimorfros.com\/it\/wp-json\/wp\/v2\/media?parent=93"}],"curies":[{"name":"wp","href":"https:\/\/api.w.org\/{rel}","templated":true}]}}