    {"id":95,"date":"2025-06-29T18:49:39","date_gmt":"2025-06-29T18:49:39","guid":{"rendered":"https:\/\/nimorfros.com\/?page_id=95"},"modified":"2025-06-29T18:49:39","modified_gmt":"2025-06-29T18:49:39","slug":"contact","status":"publish","type":"page","link":"https:\/\/nimorfros.com\/pt\/contact\/","title":{"rendered":"Contato"},"content":{"rendered":"<p>Obrigado pela visita <strong>Nimorphos<\/strong>, sua plataforma confi\u00e1vel para inova\u00e7\u00e3o em sa\u00fade, tecnologia m\u00e9dica e bem-estar voltado para a comunidade. Valorizamos suas mensagens e estamos aqui para apoiar, conectar e colaborar com voc\u00ea.<\/p>\n\n\n\n<h3 class=\"wp-block-heading\"><strong>Consultas Gerais<\/strong><\/h3>\n\n\n\n<p>Tem alguma pergunta sobre <strong>Nimorphos<\/strong> ou apenas quer entrar em contato? Envie-nos um e-mail para <strong><a>contato@nimorphos.com<\/a><\/strong><br>Adoramos ouvir a opini\u00e3o da nossa comunidade e entraremos em contato com voc\u00ea o mais breve poss\u00edvel.<\/p>\n\n\n\n<h3 class=\"wp-block-heading\"><strong>Sugest\u00f5es e contribui\u00e7\u00f5es de conte\u00fado<\/strong><\/h3>\n\n\n\n<p>Tem uma ideia para um novo artigo? Quer compartilhar sua experi\u00eancia ou sugerir um t\u00f3pico de sa\u00fade que devemos explorar? Entre em contato conosco <strong><a>editor@nimorphos.com<\/a><\/strong><br>Estamos sempre buscando perspectivas diversas e vozes valiosas em sa\u00fade, bem-estar digital e engajamento comunit\u00e1rio.<\/p>\n\n\n\n<h3 class=\"wp-block-heading\"><strong>Suporte t\u00e9cnico<\/strong><\/h3>\n\n\n\n<p>Se voc\u00ea estiver enfrentando algum problema com nossa plataforma ou precisar de ajuda para acessar nosso conte\u00fado, n\u00e3o hesite em nos contatar em <strong><a>support@nimorphos.com<\/a><\/strong><br>Estamos aqui para garantir sua experi\u00eancia com <strong>Nimorphos<\/strong> \u00e9 o mais suave e informativo poss\u00edvel.<\/p>\n\n\n\n<h3 class=\"wp-block-heading\"><strong>Fique conectado<\/strong><\/h3>\n\n\n\n<p><strong>Nimorphos<\/strong> \u00e9 uma plataforma digital projetada para profissionais de sa\u00fade, inovadores e leitores informados em todo o mundo. Embora n\u00e3o operemos em um escrit\u00f3rio f\u00edsico, estamos sempre online \u2014 prontos para ouvir, apoiar e crescer com voc\u00ea.<\/p>\n\n\n\n<p>Obrigado novamente por fazer parte do <strong>Nimorphos<\/strong> comunidade. Aguardamos seu contato!<\/p>\n\n\n\n<p><strong>Atenciosamente,<\/strong><br><strong>A equipe Nimorphos<\/strong><\/p>","protected":false},"excerpt":{"rendered":"<p>Thank you for visiting Nimorfros, your trusted platform for health innovation, medical technology, and community-driven wellness. We truly value your messages and are here to support, connect, and collaborate with you. General Inquiries Have a question about Nimorfros or just want to reach out? Email us at contact@nimorfros.comWe love hearing from our community and will [&hellip;]<\/p>","protected":false},"author":198,"featured_media":0,"parent":0,"menu_order":0,"comment_status":"closed","ping_status":"closed","template":"","meta":{"footnotes":""},"_links":{"self":[{"href":"https:\/\/nimorfros.com\/pt\/wp-json\/wp\/v2\/pages\/95"}],"collection":[{"href":"https:\/\/nimorfros.com\/pt\/wp-json\/wp\/v2\/pages"}],"about":[{"href":"https:\/\/nimorfros.com\/pt\/wp-json\/wp\/v2\/types\/page"}],"author":[{"embeddable":true,"href":"https:\/\/nimorfros.com\/pt\/wp-json\/wp\/v2\/users\/198"}],"replies":[{"embeddable":true,"href":"https:\/\/nimorfros.com\/pt\/wp-json\/wp\/v2\/comments?post=95"}],"version-history":[{"count":1,"href":"https:\/\/nimorfros.com\/pt\/wp-json\/wp\/v2\/pages\/95\/revisions"}],"predecessor-version":[{"id":96,"href":"https:\/\/nimorfros.com\/pt\/wp-json\/wp\/v2\/pages\/95\/revisions\/96"}],"wp:attachment":[{"href":"https:\/\/nimorfros.com\/pt\/wp-json\/wp\/v2\/media?parent=95"}],"curies":[{"name":"wp","href":"https:\/\/api.w.org\/{rel}","templated":true}]}}