    {"id":93,"date":"2025-06-29T18:48:58","date_gmt":"2025-06-29T18:48:58","guid":{"rendered":"https:\/\/nimorfros.com\/?page_id=93"},"modified":"2025-06-29T18:48:58","modified_gmt":"2025-06-29T18:48:58","slug":"about-us","status":"publish","type":"page","link":"https:\/\/nimorfros.com\/ro\/about-us\/","title":{"rendered":"Despre noi"},"content":{"rendered":"<p>Bine a\u021bi venit la <strong>Nimorfros<\/strong> \u2013 sursa ta de \u00eencredere pentru inova\u021bie \u00een domeniul s\u0103n\u0103t\u0103\u021bii, wellness-ului digital \u0219i solu\u021biilor de s\u0103n\u0103tate centrate pe comunitate. Indiferent dac\u0103 e\u0219ti un profesionist \u00een domeniu, un sus\u021bin\u0103tor al s\u0103n\u0103t\u0103\u021bii sau pur \u0219i simplu pasionat de viitorul bun\u0103st\u0103rii, <strong>Nimorfros<\/strong> este aici pentru a te sprijini \u00een c\u0103l\u0103toria ta cu claritate \u0219i perspicacitate.<\/p>\n\n\n\n<h3 class=\"wp-block-heading\"><strong>Ce ne motiveaz\u0103<\/strong><\/h3>\n\n\n\n<p>La <strong>Nimorfros<\/strong>, credem c\u0103 informa\u021biile despre s\u0103n\u0103tate ar trebui s\u0103 fie accesibile, practice \u0219i bazate at\u00e2t pe tehnologie, c\u00e2t \u0219i pe \u00eengrijirea uman\u0103. Misiunea noastr\u0103 este simpl\u0103: s\u0103 oferim con\u021binut de \u00eenalt\u0103 calitate, u\u0219or de \u00een\u021beles, care s\u0103 permit\u0103 indivizilor, profesioni\u0219tilor \u0219i comunit\u0103\u021bilor s\u0103 adopte solu\u021bii de s\u0103n\u0103tate mai inteligente. Inova\u021bia nu \u00eenseamn\u0103 doar instrumente, ci \u0219i impact.<\/p>\n\n\n\n<h3 class=\"wp-block-heading\"><strong>Cine suntem<\/strong><\/h3>\n\n\n\n<p>Suntem o echip\u0103 de scriitori, profesioni\u0219ti din domeniul s\u0103n\u0103t\u0103\u021bii \u0219i g\u00e2nditori digitali dedica\u021bi explor\u0103rii intersec\u021biei dintre asisten\u021ba medical\u0103 \u0219i tehnologie. <strong>Nimorfros<\/strong> s-a n\u0103scut din ideea c\u0103 partajarea cuno\u0219tin\u021belor poate declan\u0219a transformarea - de la inova\u021bia clinic\u0103 la schimbarea la nivel local. Asta \u00eenseamn\u0103 c\u0103 ne concentr\u0103m pe con\u021binut care este at\u00e2t provocator la reflec\u021bie, c\u00e2t \u0219i practic - fie c\u0103 este vorba de telemedicin\u0103, inteligen\u021b\u0103 artificial\u0103 \u00een diagnosticare, sisteme de s\u0103n\u0103tate sau modele de \u00eengrijire comunitar\u0103.<\/p>\n\n\n\n<p>Aici, nu e\u0219ti doar un cititor. Faci parte dintr-o re\u021bea inovatoare care valorizeaz\u0103 dovezile, incluziunea \u0219i schimbarea semnificativ\u0103.<\/p>\n\n\n\n<h3 class=\"wp-block-heading\"><strong>Implic\u0103-te<\/strong><\/h3>\n\n\n\n<p>Ai o idee pentru un subiect? Vrei s\u0103 \u00eemp\u0103rt\u0103\u0219e\u0219ti o poveste, s\u0103 propui o resurs\u0103 sau s\u0103 contribui cu un articol? Ne-ar pl\u0103cea s\u0103 auzim de tine. La <strong>Nimorfros<\/strong>, perspectivele dumneavoastr\u0103 ghideaz\u0103 cercet\u0103rile noastre \u00een continuare \u2014 iar vocea dumneavoastr\u0103 contribuie la modelarea conversa\u021biei despre viitorul asisten\u021bei medicale.<\/p>\n\n\n\n<p>Haide\u021bi s\u0103 mergem mai departe \u00eempreun\u0103 \u2014 c\u00e2te o descoperire, c\u00e2te o ini\u021biativ\u0103 comunitar\u0103, c\u00e2te o decizie informat\u0103 pe r\u00e2nd.<\/p>","protected":false},"excerpt":{"rendered":"<p>Bun venit la Nimorfros \u2013 sursa ta de \u00eencredere pentru inova\u021bie \u00een domeniul s\u0103n\u0103t\u0103\u021bii, wellness digital \u0219i solu\u021bii de s\u0103n\u0103tate centrate pe comunitate. Indiferent dac\u0103 e\u0219ti un profesionist \u00een domeniu, un sus\u021bin\u0103tor al s\u0103n\u0103t\u0103\u021bii sau pur \u0219i simplu pasionat de viitorul bun\u0103st\u0103rii, Nimorfros este aici pentru a te sprijini \u00een c\u0103l\u0103toria ta cu claritate \u0219i perspicacitate. Ce ne motiveaz\u0103 La Nimorfros, credem c\u0103 informa\u021biile despre s\u0103n\u0103tate [\u2026]<\/p>","protected":false},"author":198,"featured_media":0,"parent":0,"menu_order":0,"comment_status":"closed","ping_status":"closed","template":"","meta":{"footnotes":""},"_links":{"self":[{"href":"https:\/\/nimorfros.com\/ro\/wp-json\/wp\/v2\/pages\/93"}],"collection":[{"href":"https:\/\/nimorfros.com\/ro\/wp-json\/wp\/v2\/pages"}],"about":[{"href":"https:\/\/nimorfros.com\/ro\/wp-json\/wp\/v2\/types\/page"}],"author":[{"embeddable":true,"href":"https:\/\/nimorfros.com\/ro\/wp-json\/wp\/v2\/users\/198"}],"replies":[{"embeddable":true,"href":"https:\/\/nimorfros.com\/ro\/wp-json\/wp\/v2\/comments?post=93"}],"version-history":[{"count":1,"href":"https:\/\/nimorfros.com\/ro\/wp-json\/wp\/v2\/pages\/93\/revisions"}],"predecessor-version":[{"id":94,"href":"https:\/\/nimorfros.com\/ro\/wp-json\/wp\/v2\/pages\/93\/revisions\/94"}],"wp:attachment":[{"href":"https:\/\/nimorfros.com\/ro\/wp-json\/wp\/v2\/media?parent=93"}],"curies":[{"name":"wp","href":"https:\/\/api.w.org\/{rel}","templated":true}]}}