    {"id":95,"date":"2025-06-29T18:49:39","date_gmt":"2025-06-29T18:49:39","guid":{"rendered":"https:\/\/nimorfros.com\/?page_id=95"},"modified":"2025-06-29T18:49:39","modified_gmt":"2025-06-29T18:49:39","slug":"contact","status":"publish","type":"page","link":"https:\/\/nimorfros.com\/ro\/contact\/","title":{"rendered":"Contact"},"content":{"rendered":"<p>V\u0103 mul\u021bumim pentru vizit\u0103 <strong>Nimorfros<\/strong>, platforma ta de \u00eencredere pentru inova\u021bie \u00een domeniul s\u0103n\u0103t\u0103\u021bii, tehnologie medical\u0103 \u0219i bun\u0103stare bazat\u0103 pe comunitate. Apreciem cu adev\u0103rat mesajele tale \u0219i suntem aici pentru a te sprijini, a te conecta \u0219i a colabora cu tine.<\/p>\n\n\n\n<h3 class=\"wp-block-heading\"><strong>\u00centreb\u0103ri generale<\/strong><\/h3>\n\n\n\n<p>Am o \u00eentrebare despre <strong>Nimorfros<\/strong> sau pur \u0219i simplu dori\u021bi s\u0103 ne contacta\u021bi? Trimite\u021bi-ne un e-mail la <strong><a>contact@nimorfros.com<\/a><\/strong><br>Ne place s\u0103 auzim ve\u0219ti de la comunitatea noastr\u0103 \u0219i v\u0103 vom contacta c\u00e2t mai cur\u00e2nd posibil.<\/p>\n\n\n\n<h3 class=\"wp-block-heading\"><strong>Sugestii \u0219i contribu\u021bii de con\u021binut<\/strong><\/h3>\n\n\n\n<p>Ai o idee pentru un articol nou? Vrei s\u0103-\u021bi \u00eemp\u0103rt\u0103\u0219e\u0219ti expertiza sau s\u0103 sugerezi un subiect de s\u0103n\u0103tate pe care ar trebui s\u0103-l explor\u0103m? Contacteaz\u0103-ne. <strong><a>editor@nimorfros.com<\/a><\/strong><br>Suntem mereu \u00een c\u0103utare de perspective diverse \u0219i voci valoroase \u00een domeniul s\u0103n\u0103t\u0103\u021bii, al st\u0103rii de bine digitale \u0219i al implic\u0103rii comunit\u0103\u021bii.<\/p>\n\n\n\n<h3 class=\"wp-block-heading\"><strong>Asisten\u021b\u0103 tehnic\u0103<\/strong><\/h3>\n\n\n\n<p>Dac\u0103 \u00eent\u00e2mpina\u021bi probleme cu platforma noastr\u0103 sau ave\u021bi nevoie de ajutor pentru a accesa con\u021binutul nostru, nu ezita\u021bi s\u0103 ne contacta\u021bi la <strong><a>support@nimorfros.com<\/a><\/strong><br>Suntem aici pentru a v\u0103 asigura experien\u021ba cu <strong>Nimorfros<\/strong> este c\u00e2t mai fluid\u0103 \u0219i informativ\u0103 posibil.<\/p>\n\n\n\n<h3 class=\"wp-block-heading\"><strong>R\u0103m\u00e2i conectat<\/strong><\/h3>\n\n\n\n<p><strong>Nimorfros<\/strong> este o platform\u0103 digital\u0103, conceput\u0103 pentru profesioni\u0219tii din domeniul s\u0103n\u0103t\u0103\u021bii, inovatori \u0219i cititori informa\u021bi din \u00eentreaga lume. De\u0219i nu oper\u0103m dintr-un birou fizic, suntem mereu online - gata s\u0103 v\u0103 ascult\u0103m, s\u0103 v\u0103 sprijinim \u0219i s\u0103 cre\u0219tem al\u0103turi de dumneavoastr\u0103.<\/p>\n\n\n\n<p>Mul\u021bumesc \u00eenc\u0103 o dat\u0103 c\u0103 faci parte din <strong>Nimorfros<\/strong> comunitate. A\u0219tept\u0103m cu ner\u0103bdare s\u0103 v\u0103 auzim!<\/p>\n\n\n\n<p><strong>Salut\u0103ri calde,<\/strong><br><strong>Echipa Nimorfros<\/strong><\/p>","protected":false},"excerpt":{"rendered":"<p>Thank you for visiting Nimorfros, your trusted platform for health innovation, medical technology, and community-driven wellness. We truly value your messages and are here to support, connect, and collaborate with you. General Inquiries Have a question about Nimorfros or just want to reach out? Email us at contact@nimorfros.comWe love hearing from our community and will [&hellip;]<\/p>","protected":false},"author":198,"featured_media":0,"parent":0,"menu_order":0,"comment_status":"closed","ping_status":"closed","template":"","meta":{"footnotes":""},"_links":{"self":[{"href":"https:\/\/nimorfros.com\/ro\/wp-json\/wp\/v2\/pages\/95"}],"collection":[{"href":"https:\/\/nimorfros.com\/ro\/wp-json\/wp\/v2\/pages"}],"about":[{"href":"https:\/\/nimorfros.com\/ro\/wp-json\/wp\/v2\/types\/page"}],"author":[{"embeddable":true,"href":"https:\/\/nimorfros.com\/ro\/wp-json\/wp\/v2\/users\/198"}],"replies":[{"embeddable":true,"href":"https:\/\/nimorfros.com\/ro\/wp-json\/wp\/v2\/comments?post=95"}],"version-history":[{"count":1,"href":"https:\/\/nimorfros.com\/ro\/wp-json\/wp\/v2\/pages\/95\/revisions"}],"predecessor-version":[{"id":96,"href":"https:\/\/nimorfros.com\/ro\/wp-json\/wp\/v2\/pages\/95\/revisions\/96"}],"wp:attachment":[{"href":"https:\/\/nimorfros.com\/ro\/wp-json\/wp\/v2\/media?parent=95"}],"curies":[{"name":"wp","href":"https:\/\/api.w.org\/{rel}","templated":true}]}}