    {"id":93,"date":"2025-06-29T18:48:58","date_gmt":"2025-06-29T18:48:58","guid":{"rendered":"https:\/\/nimorfros.com\/?page_id=93"},"modified":"2025-06-29T18:48:58","modified_gmt":"2025-06-29T18:48:58","slug":"about-us","status":"publish","type":"page","link":"https:\/\/nimorfros.com\/tr\/about-us\/","title":{"rendered":"Hakk\u0131m\u0131zda"},"content":{"rendered":"<p>Ho\u015f geldiniz <strong>Nimorfros<\/strong> \u2013 sa\u011fl\u0131k, dijital sa\u011fl\u0131k ve toplum odakl\u0131 sa\u011fl\u0131k \u00e7\u00f6z\u00fcmlerinde inovasyon i\u00e7in g\u00fcvenilir kayna\u011f\u0131n\u0131z. \u0130ster alan\u0131nda uzman, ister sa\u011fl\u0131k savunucusu, ister sadece refah\u0131n gelece\u011fi konusunda tutkulu olun, <strong>Nimorfros<\/strong> yolculu\u011funuzu netlik ve i\u00e7g\u00f6r\u00fcyle desteklemek i\u00e7in burada.<\/p>\n\n\n\n<h3 class=\"wp-block-heading\"><strong>Bizi ne motive ediyor?<\/strong><\/h3>\n\n\n\n<p>\u015eu anda <strong>Nimorfros<\/strong>Sa\u011fl\u0131k bilgilerinin eri\u015filebilir, uygulanabilir ve hem teknolojiye hem de insan bak\u0131m\u0131na dayal\u0131 olmas\u0131 gerekti\u011fine inan\u0131yoruz. Misyonumuz basit: Bireylerin, profesyonellerin ve topluluklar\u0131n daha ak\u0131ll\u0131 sa\u011fl\u0131k \u00e7\u00f6z\u00fcmleri benimsemesini sa\u011flayacak y\u00fcksek kaliteli, anla\u015f\u0131lmas\u0131 kolay i\u00e7erikler sunmak. \u0130novasyon sadece ara\u00e7larla ilgili de\u011fil, ayn\u0131 zamanda etkiyle de ilgilidir.<\/p>\n\n\n\n<h3 class=\"wp-block-heading\"><strong>Biz kimiz<\/strong><\/h3>\n\n\n\n<p>Biz, sa\u011fl\u0131k hizmetleri ile teknoloji aras\u0131ndaki kesi\u015fimi ke\u015ffetmeye adanm\u0131\u015f yazarlardan, sa\u011fl\u0131k profesyonellerinden ve dijital d\u00fc\u015f\u00fcn\u00fcrlerden olu\u015fan bir ekibiz. <strong>Nimorfros<\/strong> Bilgi payla\u015f\u0131m\u0131n\u0131n klinik inovasyondan tabandan de\u011fi\u015fime kadar d\u00f6n\u00fc\u015f\u00fcm\u00fc tetikleyebilece\u011fi fikrinden do\u011fdu. Bu, ister tele-t\u0131p, ister te\u015fhiste yapay zeka, ister sa\u011fl\u0131k sistemleri veya toplum bak\u0131m modelleri olsun, hem d\u00fc\u015f\u00fcnd\u00fcr\u00fcc\u00fc hem de pratik i\u00e7eriklere odakland\u0131\u011f\u0131m\u0131z anlam\u0131na geliyor.<\/p>\n\n\n\n<p>Burada sadece bir okuyucu de\u011filsiniz. Kan\u0131tlara, kapsay\u0131c\u0131l\u0131\u011fa ve anlaml\u0131 de\u011fi\u015fime de\u011fer veren ileri g\u00f6r\u00fc\u015fl\u00fc bir a\u011f\u0131n par\u00e7as\u0131s\u0131n\u0131z.<\/p>\n\n\n\n<h3 class=\"wp-block-heading\"><strong>Kat\u0131l\u0131n<\/strong><\/h3>\n\n\n\n<p>Bir konu fikriniz mi var? Bir hikaye payla\u015fmak, bir kaynak \u00f6nermek veya bir makaleye katk\u0131da bulunmak m\u0131 istiyorsunuz? Sizden haber almak isteriz. <strong>Nimorfros<\/strong>, sizin g\u00f6r\u00fc\u015fleriniz bundan sonra ne ara\u015ft\u0131raca\u011f\u0131m\u0131za y\u00f6n veriyor ve sesiniz sa\u011fl\u0131k hizmetlerinin gelece\u011fi hakk\u0131ndaki konu\u015fmalar\u0131n \u015fekillenmesine yard\u0131mc\u0131 oluyor.<\/p>\n\n\n\n<p>Birlikte ilerleyelim; bir at\u0131l\u0131m, bir topluluk giri\u015fimi, her seferinde iyi bilgilendirilmi\u015f bir karar.<\/p>","protected":false},"excerpt":{"rendered":"<p>Welcome to Nimorfros \u2013 your trusted source for innovation in healthcare, digital wellness, and community-centered health solutions. Whether you&#8217;re a professional in the field, a health advocate, or simply passionate about the future of well-being, Nimorfros is here to support your journey with clarity and insight. What drives us At Nimorfros, we believe health information [&hellip;]<\/p>","protected":false},"author":198,"featured_media":0,"parent":0,"menu_order":0,"comment_status":"closed","ping_status":"closed","template":"","meta":{"footnotes":""},"_links":{"self":[{"href":"https:\/\/nimorfros.com\/tr\/wp-json\/wp\/v2\/pages\/93"}],"collection":[{"href":"https:\/\/nimorfros.com\/tr\/wp-json\/wp\/v2\/pages"}],"about":[{"href":"https:\/\/nimorfros.com\/tr\/wp-json\/wp\/v2\/types\/page"}],"author":[{"embeddable":true,"href":"https:\/\/nimorfros.com\/tr\/wp-json\/wp\/v2\/users\/198"}],"replies":[{"embeddable":true,"href":"https:\/\/nimorfros.com\/tr\/wp-json\/wp\/v2\/comments?post=93"}],"version-history":[{"count":1,"href":"https:\/\/nimorfros.com\/tr\/wp-json\/wp\/v2\/pages\/93\/revisions"}],"predecessor-version":[{"id":94,"href":"https:\/\/nimorfros.com\/tr\/wp-json\/wp\/v2\/pages\/93\/revisions\/94"}],"wp:attachment":[{"href":"https:\/\/nimorfros.com\/tr\/wp-json\/wp\/v2\/media?parent=93"}],"curies":[{"name":"wp","href":"https:\/\/api.w.org\/{rel}","templated":true}]}}