    {"id":95,"date":"2025-06-29T18:49:39","date_gmt":"2025-06-29T18:49:39","guid":{"rendered":"https:\/\/nimorfros.com\/?page_id=95"},"modified":"2025-06-29T18:49:39","modified_gmt":"2025-06-29T18:49:39","slug":"contact","status":"publish","type":"page","link":"https:\/\/nimorfros.com\/tr\/contact\/","title":{"rendered":"Temas etmek"},"content":{"rendered":"<p>Ziyaretiniz i\u00e7in te\u015fekk\u00fcr ederiz <strong>Nimorfros<\/strong>Sa\u011fl\u0131k inovasyonu, t\u0131bbi teknoloji ve toplum odakl\u0131 sa\u011fl\u0131kl\u0131 ya\u015fam i\u00e7in g\u00fcvenilir platformunuz. Mesajlar\u0131n\u0131za ger\u00e7ekten de\u011fer veriyoruz ve sizi desteklemek, sizinle ba\u011flant\u0131 kurmak ve i\u015f birli\u011fi yapmak i\u00e7in buraday\u0131z.<\/p>\n\n\n\n<h3 class=\"wp-block-heading\"><strong>Genel Sorular<\/strong><\/h3>\n\n\n\n<p>Bir sorunuz mu var? <strong>Nimorfros<\/strong> veya sadece bize ula\u015fmak m\u0131 istiyorsunuz? Bize \u015fu adresten e-posta g\u00f6nderin: <strong><a>ileti\u015fim@nimorfros.com<\/a><\/strong><br>Toplulu\u011fumuzdan haber almaktan mutluluk duyuyoruz ve en k\u0131sa s\u00fcrede size geri d\u00f6n\u00fc\u015f yapaca\u011f\u0131z.<\/p>\n\n\n\n<h3 class=\"wp-block-heading\"><strong>\u0130\u00e7erik \u00d6nerileri ve Katk\u0131lar\u0131<\/strong><\/h3>\n\n\n\n<p>Yeni bir makale fikriniz mi var? Uzmanl\u0131\u011f\u0131n\u0131z\u0131 payla\u015fmak veya incelememiz gereken bir sa\u011fl\u0131k konusu \u00f6nermek mi istiyorsunuz? Bize ula\u015f\u0131n <strong><a>edit\u00f6r@nimorfros.com<\/a><\/strong><br>Sa\u011fl\u0131k, dijital sa\u011fl\u0131k ve toplumsal kat\u0131l\u0131m alanlar\u0131nda her zaman farkl\u0131 bak\u0131\u015f a\u00e7\u0131lar\u0131 ve de\u011ferli sesler ar\u0131yoruz.<\/p>\n\n\n\n<h3 class=\"wp-block-heading\"><strong>Teknik Destek<\/strong><\/h3>\n\n\n\n<p>Platformumuzla ilgili herhangi bir sorun ya\u015f\u0131yorsan\u0131z veya i\u00e7eri\u011fimize eri\u015fim konusunda yard\u0131ma ihtiyac\u0131n\u0131z varsa bizimle ileti\u015fime ge\u00e7mekten \u00e7ekinmeyin. <strong><a>destek@nimorfros.com<\/a><\/strong><br>Deneyiminizi garantilemek i\u00e7in buraday\u0131z <strong>Nimorfros<\/strong> M\u00fcmk\u00fcn oldu\u011funca ak\u0131c\u0131 ve bilgilendirici.<\/p>\n\n\n\n<h3 class=\"wp-block-heading\"><strong>Ba\u011flant\u0131da Kal\u0131n<\/strong><\/h3>\n\n\n\n<p><strong>Nimorfros<\/strong> d\u00fcnya \u00e7ap\u0131ndaki sa\u011fl\u0131k profesyonelleri, yenilik\u00e7iler ve bilgili okuyucular i\u00e7in tasarlanm\u0131\u015f, dijital odakl\u0131 bir platformdur. Fiziksel bir ofiste faaliyet g\u00f6stermesek de, her zaman \u00e7evrimi\u00e7iyiz; sizi dinlemeye, desteklemeye ve sizinle birlikte b\u00fcy\u00fcmeye haz\u0131r\u0131z.<\/p>\n\n\n\n<p>Bir par\u00e7as\u0131 oldu\u011funuz i\u00e7in tekrar te\u015fekk\u00fcrler <strong>Nimorfros<\/strong> Topluluk. Sizden haber bekliyoruz!<\/p>\n\n\n\n<p><strong>Sevgilerimle,<\/strong><br><strong>Nimorfros Ekibi<\/strong><\/p>","protected":false},"excerpt":{"rendered":"<p>Thank you for visiting Nimorfros, your trusted platform for health innovation, medical technology, and community-driven wellness. We truly value your messages and are here to support, connect, and collaborate with you. General Inquiries Have a question about Nimorfros or just want to reach out? Email us at contact@nimorfros.comWe love hearing from our community and will [&hellip;]<\/p>","protected":false},"author":198,"featured_media":0,"parent":0,"menu_order":0,"comment_status":"closed","ping_status":"closed","template":"","meta":{"footnotes":""},"_links":{"self":[{"href":"https:\/\/nimorfros.com\/tr\/wp-json\/wp\/v2\/pages\/95"}],"collection":[{"href":"https:\/\/nimorfros.com\/tr\/wp-json\/wp\/v2\/pages"}],"about":[{"href":"https:\/\/nimorfros.com\/tr\/wp-json\/wp\/v2\/types\/page"}],"author":[{"embeddable":true,"href":"https:\/\/nimorfros.com\/tr\/wp-json\/wp\/v2\/users\/198"}],"replies":[{"embeddable":true,"href":"https:\/\/nimorfros.com\/tr\/wp-json\/wp\/v2\/comments?post=95"}],"version-history":[{"count":1,"href":"https:\/\/nimorfros.com\/tr\/wp-json\/wp\/v2\/pages\/95\/revisions"}],"predecessor-version":[{"id":96,"href":"https:\/\/nimorfros.com\/tr\/wp-json\/wp\/v2\/pages\/95\/revisions\/96"}],"wp:attachment":[{"href":"https:\/\/nimorfros.com\/tr\/wp-json\/wp\/v2\/media?parent=95"}],"curies":[{"name":"wp","href":"https:\/\/api.w.org\/{rel}","templated":true}]}}